{"id":18,"date":"2024-11-07T12:38:09","date_gmt":"2024-11-07T12:38:09","guid":{"rendered":"https:\/\/cathrinependerup.dk\/?page_id=18"},"modified":"2025-11-12T11:52:17","modified_gmt":"2025-11-12T11:52:17","slug":"cathrine-penderup-klaverundervisning","status":"publish","type":"page","link":"https:\/\/cathrinependerup.dk\/?page_id=18","title":{"rendered":"KLAVER-UNDERVISNING"},"content":{"rendered":"\n<p><strong>Jeg tilbyder klaverundervisning og repetitionstimer&nbsp;i min klaverskole p\u00e5 Hostrupsvej 13, 1950 Frederiksberg C&nbsp;<\/strong><\/p>\n\n\n\n<p><strong>VIGTIGT<\/strong>: <strong>P\u00e5 grund af nye regler om p\u00e5lagt moms p\u00e5 undervisning pr. 1\/1-26 for elever over 30 \u00e5r, tager jeg kun elever ind, der er under denne alder, da jeg som lille privat erhvervsdrivende ikke har mulighed for yderligere besv\u00e6rlig administration<\/strong>. <strong>Jeg beklager diskriminationen, og henviser dem over 30 \u00e5r til aftenskoler og andre offentlige instanser, som ikke bliver p\u00e5duttet 25 %<\/strong> <strong>statsafgift oveni prisen.<\/strong><\/p>\n\n\n\n<p><\/p>\n\n\n\n<p class=\"has-text-align-left\"><strong>PRIS: <\/strong><\/p>\n\n\n\n<p class=\"has-text-align-left\"><strong>380 kr. for 60 min.<\/strong><\/p>\n\n\n\n<p class=\"has-text-align-left\"><strong>285 kr. for 45 min.<\/strong><\/p>\n\n\n\n<p class=\"has-text-align-left\"><strong>190 kr. for 30 min. osv<\/strong><\/p>\n\n\n\n<p><strong>Der betales&nbsp;med mobilepay\/kontanter&nbsp;pr. lektion eller&nbsp;ved k\u00f8b af<\/strong> <strong>forudbetalte&nbsp;klippekort \u00e1 5 eller 10 gange&nbsp;p\u00e5 mobilepay 20274287 eller til konto 5479 8006382&nbsp;<\/strong><\/p>\n\n\n\n<p><strong>Der er rabat til n\u00e6ste s\u00f8skende\/familiemedlem:<\/strong><\/p>\n\n\n\n<p class=\"has-text-align-left\"><strong>PRIS: <\/strong><\/p>\n\n\n\n<p class=\"has-text-align-left\"><strong>280 kr. for 60 min.<\/strong><\/p>\n\n\n\n<p class=\"has-text-align-left\"><strong>210 kr. for 45 min.<\/strong><\/p>\n\n\n\n<p class=\"has-text-align-left\"><strong>140 kr. for 30 min. osv<\/strong><\/p>\n\n\n\n<p><strong>Jeg underviser fortrinsvis b\u00f8rn og unge; fra begyndere til \u00f8vede<\/strong>. <\/p>\n\n\n\n<p><strong>Ring\/sms 2027 4287 for gratis pr\u00f8vetime eller send en mail&nbsp;<\/strong><\/p>\n\n\n\n<p><\/p>\n\n\n\n<p><strong>OBS: DER ER PT VENTELISTE <\/strong><\/p>\n\n\n\n<p><strong>HUSK:<\/strong><\/p>\n\n\n\n<p><strong>Det allervigtigste er at \u00f8ve sig &#8211; hellere lidt hver dag end&nbsp; lige f\u00f8r sin time<\/strong>. <\/p>\n\n\n\n<p><strong>Afbud gives senest 24 timer inden lektionens start, ellers betales fuld pris(pludselig opst\u00e5et sygdom dog undtaget)<\/strong><\/p>\n\n\n\n<p><\/p>\n\n\n\n<p><\/p>\n\n\n\n<p><strong>Klaverskolen har fire \u00e5rlige koncerter til Halloween, jul, sommer samt<\/strong> <strong>Musikskoledage i Tivoli.<\/strong><\/p>\n\n\n\n<p><\/p>\n\n\n\n<p><\/p>\n\n\n\n<p><strong>Klaverskolens nye flygel, venligst sponsoreret af<\/strong> <strong>Frederiksbergfonden maj 2022.<\/strong><\/p>\n\n\n\n<figure class=\"wp-block-image is-resized\"><img decoding=\"async\" src=\"https:\/\/cathrinependerup.dk\/wp-content\/uploads\/2024\/11\/IMG_0076-768x1024.jpg\" alt=\"\" style=\"width:380px;height:auto\"\/><\/figure>\n\n\n\n<figure class=\"wp-block-image size-large is-resized\"><img loading=\"lazy\" decoding=\"async\" width=\"768\" height=\"1024\" src=\"https:\/\/cathrinependerup.dk\/wp-content\/uploads\/2024\/11\/IMG_0067-768x1024.jpg\" alt=\"\" class=\"wp-image-10\" style=\"width:379px;height:auto\" srcset=\"https:\/\/cathrinependerup.dk\/wp-content\/uploads\/2024\/11\/IMG_0067-768x1024.jpg 768w, https:\/\/cathrinependerup.dk\/wp-content\/uploads\/2024\/11\/IMG_0067-225x300.jpg 225w, https:\/\/cathrinependerup.dk\/wp-content\/uploads\/2024\/11\/IMG_0067-1152x1536.jpg 1152w, https:\/\/cathrinependerup.dk\/wp-content\/uploads\/2024\/11\/IMG_0067-1536x2048.jpg 1536w, https:\/\/cathrinependerup.dk\/wp-content\/uploads\/2024\/11\/IMG_0067-scaled.jpg 1920w\" sizes=\"auto, (max-width: 768px) 100vw, 768px\" \/><\/figure>\n\n\n\n<p><strong>Klaverskolen r\u00e5der ialt over et Steinway og et Hindsberg, begge nyrenoverede<\/strong><\/p>\n\n\n\n<figure class=\"wp-block-image size-large is-resized\"><img loading=\"lazy\" decoding=\"async\" width=\"1024\" height=\"768\" src=\"https:\/\/cathrinependerup.dk\/wp-content\/uploads\/2024\/11\/IMG_0073-1024x768.jpg\" alt=\"\" class=\"wp-image-11\" style=\"width:619px;height:auto\" srcset=\"https:\/\/cathrinependerup.dk\/wp-content\/uploads\/2024\/11\/IMG_0073-1024x768.jpg 1024w, https:\/\/cathrinependerup.dk\/wp-content\/uploads\/2024\/11\/IMG_0073-300x225.jpg 300w, https:\/\/cathrinependerup.dk\/wp-content\/uploads\/2024\/11\/IMG_0073-768x576.jpg 768w, https:\/\/cathrinependerup.dk\/wp-content\/uploads\/2024\/11\/IMG_0073-1536x1152.jpg 1536w, https:\/\/cathrinependerup.dk\/wp-content\/uploads\/2024\/11\/IMG_0073-2048x1536.jpg 2048w\" sizes=\"auto, (max-width: 1024px) 100vw, 1024px\" \/><\/figure>\n\n\n\n<p><strong>Kontakt: Cathrine Penderup, cpenderup@gmail.com, tlf 20274287<\/strong><\/p>\n","protected":false},"excerpt":{"rendered":"<p>Jeg tilbyder klaverundervisning og repetitionstimer&nbsp;i min klaverskole p\u00e5 Hostrupsvej 13, 1950 Frederiksberg C&nbsp; VIGTIGT: P\u00e5 grund af nye regler om p\u00e5lagt moms p\u00e5 undervisning pr. 1\/1-26 for elever over 30 \u00e5r, tager jeg kun elever ind, der er under denne alder, da jeg som lille privat erhvervsdrivende ikke har mulighed for yderligere besv\u00e6rlig administration. Jeg [&hellip;]<\/p>\n","protected":false},"author":1,"featured_media":9,"parent":0,"menu_order":0,"comment_status":"closed","ping_status":"closed","template":"","meta":{"footnotes":""},"class_list":["post-18","page","type-page","status-publish","has-post-thumbnail","hentry"],"_links":{"self":[{"href":"https:\/\/cathrinependerup.dk\/index.php?rest_route=\/wp\/v2\/pages\/18","targetHints":{"allow":["GET"]}}],"collection":[{"href":"https:\/\/cathrinependerup.dk\/index.php?rest_route=\/wp\/v2\/pages"}],"about":[{"href":"https:\/\/cathrinependerup.dk\/index.php?rest_route=\/wp\/v2\/types\/page"}],"author":[{"embeddable":true,"href":"https:\/\/cathrinependerup.dk\/index.php?rest_route=\/wp\/v2\/users\/1"}],"replies":[{"embeddable":true,"href":"https:\/\/cathrinependerup.dk\/index.php?rest_route=%2Fwp%2Fv2%2Fcomments&post=18"}],"version-history":[{"count":14,"href":"https:\/\/cathrinependerup.dk\/index.php?rest_route=\/wp\/v2\/pages\/18\/revisions"}],"predecessor-version":[{"id":68,"href":"https:\/\/cathrinependerup.dk\/index.php?rest_route=\/wp\/v2\/pages\/18\/revisions\/68"}],"wp:featuredmedia":[{"embeddable":true,"href":"https:\/\/cathrinependerup.dk\/index.php?rest_route=\/wp\/v2\/media\/9"}],"wp:attachment":[{"href":"https:\/\/cathrinependerup.dk\/index.php?rest_route=%2Fwp%2Fv2%2Fmedia&parent=18"}],"curies":[{"name":"wp","href":"https:\/\/api.w.org\/{rel}","templated":true}]}}