{"id":51,"date":"2024-11-12T11:45:25","date_gmt":"2024-11-12T11:45:25","guid":{"rendered":"https:\/\/cathrinependerup.dk\/?page_id=51"},"modified":"2026-03-12T10:08:36","modified_gmt":"2026-03-12T10:08:36","slug":"concerts","status":"publish","type":"page","link":"https:\/\/cathrinependerup.dk\/?page_id=51","title":{"rendered":"CONCERTS"},"content":{"rendered":"\n<p><strong>Koncertliste 2026:<\/strong> <\/p>\n\n\n\n<p><strong>13\/12 Metronomen, Julekoncert <\/strong><\/p>\n\n\n\n<p><strong>5\/12 kl. 10 Metronomen, N\u00f8ddekn\u00e6kkeren for b\u00f8rn<\/strong><\/p>\n\n\n\n<p><strong>22\/11 kl. 10 Metronomen, N\u00f8ddekn\u00e6kkeren for b\u00f8rn<\/strong><\/p>\n\n\n\n<p><strong>19\/6 kl. 17 Metronomen, Sommerkoncert <\/strong><\/p>\n\n\n\n<p><strong>29\/5 kl. 17 Nivaagaard, Helsing\u00f8r Kammerkor<\/strong><\/p>\n\n\n\n<p><strong>24\/5 kl. 14 Antroposofisk Kulturhus, Eurytmikoncert<\/strong><\/p>\n\n\n\n<p><strong>3\/5 kl. 12.15 Tivoli, Akvariefoyeren<\/strong><\/p>\n\n\n\n<p><strong>25\/4 kl. 10 Metronomen, Dyrenes Karneval for b\u00f8rn<\/strong><\/p>\n\n\n\n<p><strong>11\/4 kl. 20 Charlottenlund, solo, privat koncert<\/strong><\/p>\n\n\n\n<p><strong>21\/3 kl. 17 Metronomen, Meditationskoncert<\/strong><\/p>\n\n\n\n<p><strong>1\/2 kl. 10 Metronomen, Dyrenes Karneval for b\u00f8rn<\/strong><\/p>\n\n\n\n<p><\/p>\n\n\n\n<p><strong>Koncertliste 2025:<\/strong><\/p>\n\n\n\n<p><strong>16\/3 Metronomen, Dyrenes Karneval for b\u00f8rn<\/strong><\/p>\n\n\n\n<p><strong>6\/4 Metronomen, Dyrenes Karneval for b\u00f8rn<\/strong><\/p>\n\n\n\n<p><strong>26\/4 OK Fonden, Frederiksberg, solo<\/strong><\/p>\n\n\n\n<p><strong>11\/5 Antroposofisk Kulturhus, Frederiksberg, solo<\/strong><\/p>\n\n\n\n<p><strong>25\/5 Frederiksberg, solo, privat koncert<\/strong><\/p>\n\n\n\n<p><strong>12\/9 Metronomen, solo<\/strong><\/p>\n\n\n\n<p><strong>24\/10 Sletten Kro, solo<\/strong><\/p>\n\n\n\n<p><strong>15\/11 J\u00e6gerhuset, Holte, solo<\/strong><\/p>\n\n\n\n<p><strong>22\/11 Metronomen, N\u00f8ddekn\u00e6kkeren for b\u00f8rn<\/strong><\/p>\n\n\n\n<p><strong>13\/11 Metronomen, julekoncert<\/strong><\/p>\n\n\n\n<p><\/p>\n\n\n\n<p><strong>Koncertliste 2024:<\/strong><\/p>\n\n\n\n<p><strong>7\/12 Metronomen, Duo Capriz<\/strong><\/p>\n\n\n\n<p><strong>23\/11 Metronomen, N\u00f8ddekn\u00e6kkeren for b\u00f8rn<\/strong><\/p>\n\n\n\n<p><strong>21\/9 Metronomen, Dyrenes Karneval for b\u00f8rn<\/strong><\/p>\n\n\n\n<p><strong>15\/6 Frederiksberg, solo, privat koncert<\/strong><\/p>\n\n\n\n<p><strong>8\/6 Frederiksberg, solo, privat koncert<\/strong><\/p>\n\n\n\n<p><strong>16\/4 Frederiksberg, solo, privat koncert<\/strong><\/p>\n\n\n\n<p><strong>3\/3 Metronomen, Dyrenes Karneval for b\u00f8rn<\/strong><\/p>\n\n\n\n<p><strong>9\/2 H\u00f8rsholm sogneg\u00e5rd, solo<\/strong><\/p>\n\n\n\n<p><strong>5\/1 Melbourne, solo<\/strong><\/p>\n\n\n\n<p><strong>7\/1 Sydney, Copenhagen Piano Duo<\/strong><\/p>\n\n\n\n<p><\/p>\n\n\n\n<p><\/p>\n\n\n\n<p><strong>Koncertliste 2020:<\/strong><\/p>\n\n\n\n<p><strong>14\/3 kl. 15, Metronomen, med Ulla Ricklander<\/strong><\/p>\n\n\n\n<p><strong>12\/1 kl. 16, Metronomen, nyt\u00e5rskoncert med Copenhagen Piano Duo<\/strong><\/p>\n\n\n\n<p><\/p>\n\n\n\n<p><\/p>\n\n\n\n<p><strong>Koncertliste 2019:<\/strong><\/p>\n\n\n\n<p><strong>20\/12 kl. 17, Metronomen, julefyraftenskoncert med Duo Capriz<\/strong><\/p>\n\n\n\n<p><strong>7\/7 kl. 19, Mariedal Slott, Sverige, med Ulla Ricklander<\/strong><\/p>\n\n\n\n<p><strong>23\/5 kl. 19, Metronomen, Releasekoncert Nordic Songs<\/strong><\/p>\n\n\n\n<p><strong>10\/2 kl. 16, Sthens kirke, Duo Capriz<\/strong><\/p>\n\n\n\n<p><strong>19\/1 kl. 16, Sct. Lukas kirke, med mezzosopran Ulla Ricklander<\/strong><\/p>\n\n\n\n<p><\/p>\n\n\n\n<p><\/p>\n\n\n\n<p><strong>Koncertliste 2018:<\/strong><\/p>\n\n\n\n<p><strong>November, indspilning af nordiske sange, med Ulla Ricklander<\/strong><\/p>\n\n\n\n<p><strong>23\/9 kl. 16, Bakkehusmuseet, Med Helene Hvass Hansen, sange af Ida d&#8217;Fonseca<\/strong><\/p>\n\n\n\n<p><strong>19\/9 kl. 17, Nimb, Releasekoncert Ida d&#8217;Fonseca<\/strong><\/p>\n\n\n\n<p><strong>6\/5 og 19\/5, indspilning af sange af Ida d&#8217;Fonseca, med Helene Hvass Hansen<\/strong><\/p>\n\n\n\n<p><strong>17\/3 Nivaagaard, privat arrangement, Duo Capriz<\/strong><\/p>\n\n\n\n<p><strong>3\/3 kl. 16, Metronomen, firh\u00e6ndig klavermusik af Liszt, Gershwin og Brahms, med Duo Capriz<\/strong><\/p>\n\n\n\n<p><strong>25\/2 kl. 16, Sthens kirke, Duo Capriz<\/strong><\/p>\n\n\n\n<p><\/p>\n\n\n\n<p><\/p>\n\n\n\n<p><strong>Koncertliste 2017:<\/strong><\/p>\n\n\n\n<p><strong>18-19\/2 Newcastle, Australien, cd-indspilning og koncert med firh\u00e6ndige v\u00e6rker af N. W. Gade, med Tonya Lemoh<\/strong><\/p>\n\n\n\n<p><strong>29\/4 kl. 14, Hellig\u00e5ndskirken, Sange ved havet, med mezzosopran Ulla Ricklander<\/strong><\/p>\n\n\n\n<p><strong>28\/5, \u00c5hus kyrka, Sverige, med Ulla Ricklander<\/strong><\/p>\n\n\n\n<p><strong>6\/6 kl. 19.30, Christianskirken Lyngby, med Lyngby kammerkor<\/strong><\/p>\n\n\n\n<p><strong>11\/6 kl. 16, Sorgenfri kirke, med Lyngby kammekor<\/strong><\/p>\n\n\n\n<p><strong>17\/6 kl. 16, Oren\u00e6s Saloner, Falster, Sange ved havet, med Ulla Ricklander<\/strong><\/p>\n\n\n\n<p><strong>24\/9 kl. 15, Christianskirken Lyngby, firh\u00e6ndig klavermusik af Gade, Schubert og Schumann, med Tonya Lemoh<\/strong><\/p>\n\n\n\n<p><strong>29\/9 kl. 16, H\u00f8rsholm Sogneg\u00e5rd, med Tonya Lemoh<\/strong><\/p>\n\n\n\n<p><strong>3\/10 kl. 19.30, Christianskirken Christianshavn, cd-releasekoncert med Tonya Lemoh: Gade, Schubert og Schumann<\/strong><\/p>\n\n\n\n<p><\/p>\n\n\n\n<p><\/p>\n\n\n\n<p><strong>Koncertliste 2015:<\/strong><\/p>\n\n\n\n<p><strong>6\/6 Revymuseet, Frederiksberg, Kvindeekkoer, med sopran Helene Hvass Hansen og komponist Ylva Lund Bergner<\/strong><\/p>\n\n\n\n<p><strong>31\/5 Juhl S\u00f8rensen, Kbh NV, solo<\/strong><\/p>\n\n\n\n<p><strong>26\/4 Hj\u00f8rring musikforening, firh\u00e6ndig med Tonya Lemoh<\/strong><\/p>\n\n\n\n<p><strong>23\/4 Lindevang kirke, Frederiksberg, firh\u00e6ndig med Tonya Lemoh<\/strong><\/p>\n\n\n\n<p><strong>19\/4 Sthens kirke, Snekkersten, solo<\/strong><\/p>\n\n\n\n<p><strong>12\/4 S\u00f8ller\u00f8d sogneg\u00e5rd, firh\u00e6ndig med Tonya Lemoh<\/strong><\/p>\n\n\n\n<p><strong>11\/4 Inside kulturhus, Randers, Dyrenes Karneval, med Tonya Lemoh<\/strong><\/p>\n\n\n\n<p><strong>27\/2 Institut for kunst og kultur, K\u00f8benhavns Universitet, flygelfestival, solo<\/strong><\/p>\n\n\n\n<p><strong>7\/2 Sydney, Australien, firh\u00e6ndig med Tonya Lemoh<\/strong><\/p>\n\n\n\n<p><\/p>\n\n\n\n<p><\/p>\n\n\n\n<p><strong>Koncertliste 2014:<\/strong><\/p>\n\n\n\n<p><strong>23\/8 Ateliersalen, J\u00e6gerspris, sommermatin\u00e9<\/strong><\/p>\n\n\n\n<p><strong>9\/8 Heln\u00e6s musikforening, Hans &amp; Grethe<\/strong><\/p>\n\n\n\n<p><strong>2\/8&nbsp;Ateliersalen, J\u00e6gerspris, sommermatin\u00e9<\/strong><\/p>\n\n\n\n<p><strong>12\/7&nbsp;Ateliersalen, J\u00e6gerspris, sommermatin\u00e9<\/strong><\/p>\n\n\n\n<p><strong>8\/4 Buddinge kirke, skandinavisk aften<\/strong><\/p>\n\n\n\n<p><strong>25\/3 Christianskirken, Lyngby, skandinavisk aften<\/strong><\/p>\n\n\n\n<p><strong>10\/2 Amager bibliotek, Dyrenes Karneval, med Tonya Lemoh<\/strong><\/p>\n\n\n\n<p><strong>2\/2 Glyptoteket, CDreleasekoncert firh\u00e6ndig klavermusik med Tonya Lemoh<\/strong><\/p>\n\n\n\n<p><strong>1\/2 Hellerup, privat arrangement, CDreleasekoncert firh\u00e6ndig klavermusik med Tonya Lemoh<\/strong><\/p>\n\n\n\n<p><strong>26\/1 S\u00f8ller\u00f8d sogneg\u00e5rd, CDreleasekoncert med klaverv\u00e6rker af Emil Hartmann<\/strong><\/p>\n\n\n\n<p><strong>25\/1 Hellerup, privat arrangement, CDreleasekoncert med klaverv\u00e6rker af Emil Hartmann<\/strong><\/p>\n\n\n\n<p><\/p>\n\n\n\n<p><\/p>\n\n\n\n<p><strong>Koncertliste 2013:<\/strong><\/p>\n\n\n\n<p><strong>1\/12 \u00d8sterbro, privat sangkoncert<\/strong><\/p>\n\n\n\n<p><strong>13\/11 \u00d8sterbro, privat&nbsp;operettekoncert<\/strong><\/p>\n\n\n\n<p><strong>10\/11 Skt. Lukas kirken, Frederiksberg, sange af Rued Langgaard, med Christina Falk Nielsen<\/strong><\/p>\n\n\n\n<p><strong>1.-3. november:&nbsp;Indspilning af firh\u00e6ndige v\u00e6rker med Tonya Lemoh<\/strong><\/p>\n\n\n\n<p><strong>8\/10 H C Andersen Samfundet, sange af H C Andersen, med Iben Vesterg\u00e5rd<\/strong><\/p>\n\n\n\n<p><strong>2\/10 Det Danske Institut, Rom, Rued Langgaard<\/strong><\/p>\n\n\n\n<p><strong>27\/9 Gentoftenatten, Bl\u00e6serkvintetter Mozart, Beethoven, klaverkoncert Steffensen<\/strong><\/p>\n\n\n\n<p><strong>8\/9 \u00d8sterbrohuset, eventyrdage<\/strong><\/p>\n\n\n\n<p><strong>1\/9 Islands Brygge kulturhus, Dyrenes Karneval, med Tonya Lemoh<\/strong><\/p>\n\n\n\n<p><strong>24\/8 Ateliersalen, privat koncert, Havfruens Forvandlinger<\/strong><\/p>\n\n\n\n<p><strong>26\/6 \u00d8sterbrohuset, operettekoncerter<\/strong><\/p>\n\n\n\n<p><strong>18.-20. juni: Indspilning af Emil Hartmann klaverv\u00e6rker 2. del<\/strong><\/p>\n\n\n\n<p><strong>9\/6 Johannes D\u00f8bers kirke, Valby, Dyrenes Karneval, med Tonya Lemoh<\/strong><\/p>\n\n\n\n<p><strong>23\/4 K\u00f8benhavns Hovedbibliotek, Dyrenes Karneval, med Tonya Lemoh<\/strong><\/p>\n\n\n\n<p><strong>8\/4 KUBE, Frederiksberg, Hans &amp; Grethe<\/strong><\/p>\n\n\n\n<p><strong>6\/4 Sk\u00e6vinge kro, med sopran Christina Falk Nielsen<\/strong><\/p>\n\n\n\n<p><strong>27\/3 \u00d8sterbrohuset, Hans &amp; Grethe,&nbsp; b\u00f8rneopera<\/strong><\/p>\n\n\n\n<p><strong>26\/3 \u00d8sterbrohuset, Hans &amp; Grethe,&nbsp; b\u00f8rneopera<\/strong><\/p>\n\n\n\n<p><strong>25\/3 \u00d8sterbrohuset, Hans &amp; Grethe,&nbsp; b\u00f8rneopera<\/strong><\/p>\n\n\n\n<p><strong>23\/3 Odense Musikbibliotek, solo, Solisterier med Michala Petri og Lars Hannibal<\/strong><\/p>\n\n\n\n<p><strong>22\/2-8\/5 Medvirken i Vildanden, Skuespilhuset<\/strong><\/p>\n\n\n\n<p><strong>27\/1 \u00c5rhus Musikhus, solo, Solisterier med Michala Petri og Lars Hannibal<\/strong><\/p>\n\n\n\n<p><\/p>\n\n\n\n<p><\/p>\n\n\n\n<p><strong>Koncertliste 2012:<\/strong><\/p>\n\n\n\n<p><strong>1\/9 Ateliersalen, J\u00e6gerspris, solo, v\u00e6rker af Emil Hartmann<\/strong><\/p>\n\n\n\n<p><strong>4\/8 Ateliersalen, J\u00e6gerspris, solo og Duo Capriz, Liszt og Brahms i ungarsk dans<\/strong><\/p>\n\n\n\n<p><strong>30\/6 Ateliersalen, J\u00e6gerspris, med Iben Vesterg\u00e5rd, eventyrlige sange af H. C. Andersen<\/strong><\/p>\n\n\n\n<p><strong>2\/6 Ateliersalen, J\u00e6gerspris, med Tobias van der Pals, Spejlinger. Desuden&nbsp;verdenspremiere&nbsp;af &#8220;Reverie IV&#8221; for soloklaver af den italienske komponist Fabio Mengozzi.&nbsp;<\/strong><strong>This concert includes the World Premiere&nbsp;of &#8220;Reverie IV&#8221; for solo piano by&nbsp;<\/strong><a href=\"http:\/\/www.musicadellesfere.it\/public\/pdf\/FABIO_MENGOZZI_Curriculum%28it-eng%29.pdf\"><strong>Fabio Mengozzi<\/strong><\/a><strong>.<\/strong><\/p>\n\n\n\n<p><strong>5\/5 Ateliersalen, J\u00e6gerspris, medCecillie Hyldgaard, cello<\/strong><\/p>\n\n\n\n<p><strong>April &#8211; september: FERNISERINGSKONCERTER, ATELIERSALEN, J\u00c6GERSPRIS&nbsp; (<\/strong><a href=\"http:\/\/www.ateliersalensgalleri.com\/\"><strong>www.ateliersalensgalleri.com<\/strong><\/a><strong>)<\/strong><\/p>\n\n\n\n<p><strong>9-11\/2 Indspilning; klaverv\u00e6rker af Emil Hartmann<\/strong><\/p>\n\n\n\n<p><strong>29\/1 Hellerup, privat arrangement, solo, v\u00e6rker af Emil Hartmann<\/strong><\/p>\n\n\n\n<p><strong>14\/1 Metronomen, Frederiksberg, solo, v\u00e6rker af Emil Hartmann&nbsp;<\/strong><\/p>\n\n\n\n<p><\/p>\n\n\n\n<p><\/p>\n\n\n\n<p><strong>Koncertliste 2011:<\/strong><\/p>\n\n\n\n<p><strong>4\/9 St. Heddinge, privat arrangement, med Iben Vesterg\u00e5rd<\/strong><\/p>\n\n\n\n<p><strong>26\/5&nbsp;Steingraeber, Bayreuth, Tyskland, med Tobias van der Pals<\/strong><\/p>\n\n\n\n<p><strong>19\/5 Magleg\u00e5rdsskolen, Hellerup, solo og foredrag om Carl Nielsen<\/strong><\/p>\n\n\n\n<p><strong>15\/5&nbsp;Bagsv\u00e6rd kirke, CD-releasekoncert Leopold van der Pals, med Tobias vd Pals<\/strong><\/p>\n\n\n\n<p><strong>29\/4 \u00d8sterbro koncertforening, med Tobias van der Pals og Thomas Agergaard<\/strong><\/p>\n\n\n\n<p><strong>1\/4-4\/6 Medvirken i Fanny og Alexander, Det Kgl. Teater<\/strong><\/p>\n\n\n\n<p><strong>10\/3 Rotary, S\u00f8ller\u00f8d sogneg\u00e5rd, solo<\/strong><\/p>\n\n\n\n<p><strong>13\/2 Sthens kirke, solo<\/strong><\/p>\n\n\n\n<p><strong>2\/2 LiveRec, live koncert streaming, med Tobias van der Pals<\/strong><\/p>\n\n\n\n<p><strong>9\/1 Viften, R\u00f8dovre, nyt\u00e5rskoncert&nbsp;<\/strong><\/p>\n\n\n\n<p><\/p>\n\n\n\n<p><\/p>\n\n\n\n<p><strong>Koncertliste 2010:<\/strong><\/p>\n\n\n\n<p><strong>3\/12 Frederiksberg kirke, CD-releasekoncert Emil Hartmann, med Iben Vesterg\u00e5rd<\/strong><\/p>\n\n\n\n<p><strong>21\/11 S\u00f8ller\u00f8d Kirke\/Sogneg\u00e5rd, CD-releasekoncert Emil Hartmann, med Iben Vesterg\u00e5rd<\/strong><\/p>\n\n\n\n<p><strong>10-13\/11 Indspilning af cello\/klaverv\u00e6rker af Leopold van der Pals, med Tobias van der Pals<\/strong><\/p>\n\n\n\n<p><strong>7\/11 Lund, Sverige, med Tobias van der Pals<\/strong><\/p>\n\n\n\n<p><strong>5\/11 Lund, Sverige, med Tobias van der Pals<\/strong><\/p>\n\n\n\n<p><strong>2\/11 \u00d8sterbro koncertforening, med Tobias van der Pals<\/strong><\/p>\n\n\n\n<p><strong>24\/10&nbsp;OBS!&nbsp;nyt sted: Frihavnskirken, \u00d8sterbro, kl. 17, CD-releasekoncert Emil Hartmann, med Iben Vesterg\u00e5rd<\/strong><\/p>\n\n\n\n<p><strong>10\/10 H\u00f8rsholm sogneg\u00e5rd, solo<\/strong><\/p>\n\n\n\n<p><strong>30\/9 Kaffesalon, Sophienholm, Golden Days Festival<\/strong><\/p>\n\n\n\n<p><strong>16\/9 Konference, LIFE, solo<\/strong><\/p>\n\n\n\n<p><strong>15\/8 Holte, privat arrangement, solo<\/strong><\/p>\n\n\n\n<p><strong>26\/7 Det danske Institut, Rom, solo<\/strong><\/p>\n\n\n\n<p><strong>1-31\/7 Stipendiat, Det danske Institut, Rom<\/strong><\/p>\n\n\n\n<p><strong>22\/6 \u00d8sterbro koncertforening, med Tittit van der Pals, cello<\/strong><\/p>\n\n\n\n<p><strong>19\/6 Den norske kirke, Christianshavn, med Iben Vesterg\u00e5rd<\/strong><\/p>\n\n\n\n<p><strong>4-7\/6 Indspilning; sange af Emil Hartmann, med Iben Vesterg\u00e5rd<\/strong><\/p>\n\n\n\n<p><strong>7\/5 Den svenske kirke, \u00d8sterbro, st\u00f8ttekoncert<\/strong><\/p>\n\n\n\n<p><strong>18\/4 Lindevang kirke, med Iben Vesterg\u00e5rd<\/strong><\/p>\n\n\n\n<p><strong>26-31\/3 Indspilning; sange af Emil Hartmann, med Iben Vesterg\u00e5rd<\/strong><\/p>\n\n\n\n<p><strong>29\/1 Rolighedsg\u00e5rden, Kalundborg, med Tobias van der Pals<\/strong><\/p>\n\n\n\n<p><strong>22\/1 Hiller\u00f8d , privat arrangement, solo<\/strong><\/p>\n\n\n\n<p><strong>12\/1 Frederiksberg kirke, med Iben Vesterg\u00e5rd<\/strong><\/p>\n\n\n\n<p><\/p>\n\n\n\n<p><\/p>\n\n\n\n<p><strong>Koncertliste 2009:<\/strong><\/p>\n\n\n\n<p><strong>18\/12 Lund, Sverige, med Tobias van der Pals<\/strong><\/p>\n\n\n\n<p><strong>24\/11 \u00d8sterbro koncertforening, solo, Cd-releasekoncert med v\u00e6rker af kvindelige danske komponister<\/strong><\/p>\n\n\n\n<p><strong>15\/11 T\u00f8nder musikforening, solo<\/strong><\/p>\n\n\n\n<p><strong>27\/10 \u00d8sterbro koncertforening, v\u00e6rker af Leopold van der Pals<\/strong><\/p>\n\n\n\n<p><strong>23\/10 Bl\u00e5g\u00e5rds kirke, med Tobias van der Pals<\/strong><\/p>\n\n\n\n<p><strong>12\/9 Charlottenlund, solo<\/strong><\/p>\n\n\n\n<p><strong>8\/8 R\u00e5geleje, privat arrangement, Duo Capriz<\/strong><\/p>\n\n\n\n<p><strong>30\/7 Copenhagen Summer Festival, med Tobias van der Pals, cello<\/strong><\/p>\n\n\n\n<p><strong>15\/7 Ronneby, Sverige, med Tobias van der Pals<\/strong><\/p>\n\n\n\n<p><strong>1\/6 M\u00f8stings hus, Frb., Canto Scandico<\/strong><\/p>\n\n\n\n<p><strong>26\/5 Vallensb\u00e6k skole, Canto Scandico<\/strong><\/p>\n\n\n\n<p><strong>24\/4 Rolighedsg\u00e5rden, Kalundborg, Duo Capriz<\/strong><\/p>\n\n\n\n<p><strong>28\/3 V\u00e6rket, Randers, med Iben Vesterg\u00e5rd<\/strong><\/p>\n\n\n\n<p><strong>15\/3 Davidskirken, \u00d8sterbro, med Iben Vesterg\u00e5rd<\/strong><\/p>\n\n\n\n<p><strong>24-25\/1 Indspilning af solocd<\/strong><\/p>\n\n\n\n<p><\/p>\n\n\n\n<p><\/p>\n\n\n\n<p><strong>Koncertliste 2008:<\/strong><\/p>\n\n\n\n<p><strong>21\/12 Den Svenske Kirke, Melbourne, Australien, solo<\/strong><\/p>\n\n\n\n<p><strong>6\/12 Rundet\u00e5rn, solo, med Tonya Lemoh<\/strong><\/p>\n\n\n\n<p><strong>21\/11 H\u00f8rsholm sogneg\u00e5rd, solo<\/strong><\/p>\n\n\n\n<p><strong>16\/11 Orkesterefterskolen, Holstebro, solo, med Tonya Lemoh<\/strong><\/p>\n\n\n\n<p><strong>14\/11 Bogforum, Forum, med Iben Vesterg\u00e5rd<\/strong><\/p>\n\n\n\n<p><strong>30\/10 Vor Frue Kirke, med Iben Vesterg\u00e5rd<\/strong><\/p>\n\n\n\n<p><strong>3\/10 Det Danske Institut, Rom, med Iben Vesterg\u00e5rd<\/strong><\/p>\n\n\n\n<p><strong>23\/9 \u00d8sterbro koncertforening, \u00e5bningskoncert<\/strong><\/p>\n\n\n\n<p><strong>7\/9 Absalons kirke, med Ida N\u00f8rholm, cello<\/strong><\/p>\n\n\n\n<p><strong>24\/8 Statens Museum for Kunst, Duo Capriz<\/strong><\/p>\n\n\n\n<p><strong>29\/6 Kirsten Kj\u00e6rs Museum, Langvad, Duo Capriz<\/strong><\/p>\n\n\n\n<p><strong>27\/6 Magleg\u00e5rdsskolen, \u00d8lstykke, Duo Capriz<\/strong><\/p>\n\n\n\n<p><strong>8\/6 M\u00f8stings hus, Frb., Canto Scandico<\/strong><\/p>\n\n\n\n<p><strong>6\/6 Ateliersalen, J\u00e6gerspris, med Iben Vesterg\u00e5rd<\/strong><\/p>\n\n\n\n<p><strong>17\/5 Gentofte Hovedbibliotek, solo<\/strong><\/p>\n\n\n\n<p><strong>2\/5 Rundet\u00e5rn, solo<\/strong><\/p>\n\n\n\n<p><strong>2\/3 Klostermarkskirken, Ringsted, Duo Saxifraga<\/strong><\/p>\n\n\n\n<p><strong>27\/2 Kulturhuset Islands Brygge, Duo Saxifraga<\/strong><\/p>\n\n\n\n<p><strong>24\/2 Sorgenfri kirke, Duo Saxifraga<\/strong><\/p>\n\n\n\n<p><strong>17\/2 Byggeriet, Frb., Canto Scandico<\/strong><\/p>\n\n\n\n<p><strong>6\/2 V\u00e6rket, Randers, med Iben Vesterg\u00e5rd<\/strong><\/p>\n\n\n\n<p><strong>20\/1 Byggeriet, Frb., Canto Scandico<\/strong><\/p>\n\n\n\n<p><\/p>\n\n\n\n<p><\/p>\n\n\n\n<p><strong>Koncertliste 2007:<\/strong><\/p>\n\n\n\n<p><strong>17\/11 Tisvilde Bio, Duo Saxifraga<\/strong><\/p>\n\n\n\n<p><strong>28\/10 Esajas Kirke, Kbh., Emma Hartmann<\/strong><\/p>\n\n\n\n<p><strong>25\/10 \u00d8ster F\u00e6lled Torv, Kbh., Spil Dansk Dag, Emma Hartmann<\/strong><\/p>\n\n\n\n<p><strong>28\/9 Ateliersalen, J\u00e6gerspris, Duo Saxifraga<\/strong><\/p>\n\n\n\n<p><strong>30\/9 \u00c5rhus, debutkoncert, Sarah Vibe-Petersen<\/strong><\/p>\n\n\n\n<p><strong>24\/9 Christianskirken, Kbh., Duo Saxifraga<\/strong><\/p>\n\n\n\n<p><strong>15\/9 Gent, Belgien, med Iben Vesterg\u00e5rd, Emma Hartmann soir\u00e9e<\/strong><\/p>\n\n\n\n<p><strong>13\/9 Klostermarkskirken, Ringsted, solo, Duo Saxifraga<\/strong><\/p>\n\n\n\n<p><strong>2\/9 Statens Museum for Kunst, Emma Hartmann<\/strong><\/p>\n\n\n\n<p><strong>22\/8 Rundet\u00e5rn, med Iben Vesterg\u00e5rd, koncert i anledning af Emma Hartmanns 200 \u00e5rs f\u00f8dselsdag<\/strong><\/p>\n\n\n\n<p><strong>20\/8 Gilleleje, med Iben Vesterg\u00e5rd<\/strong><\/p>\n\n\n\n<p><strong>31\/7 Nyiregyhaza, Ungarn, solo<\/strong><\/p>\n\n\n\n<p><strong>28\/7 Debrecen, Ungarn, solo<\/strong><\/p>\n\n\n\n<p><strong>1\/6 Skt. Pauls Kirke, Kbh., med Iben Vesterg\u00e5rd, Cd-lanceringskoncert (Samlede v\u00e6rker af Emma Hartmann)<\/strong><\/p>\n\n\n\n<p><strong>18\/5 KONCERTEN ER AFLYST PGA SYGDOM, AFHOLDES I STEDET 1\/6.<\/strong><\/p>\n\n\n\n<p><strong>15\/5 \u00c5rhus Musikhus, Duo Saxifraga<\/strong><\/p>\n\n\n\n<p><strong>9\/5 Rundet\u00e5rn, Duo Saxifraga<\/strong><\/p>\n\n\n\n<p><strong>28\/4 Tisvilde Bio, Duo Saxifraga<\/strong><\/p>\n\n\n\n<p><strong>14\/4 Juhl S\u00f8rensen, Brofogedvej, Duo Saxifraga<\/strong><\/p>\n\n\n\n<p><strong>24\/3 Fyns Kunstmuseum, Duo Saxifraga<\/strong><\/p>\n\n\n\n<p><strong>3\/2 Hellerup Park Hotel, solo<\/strong><\/p>\n\n\n\n<p><\/p>\n\n\n\n<p><\/p>\n\n\n\n<p><strong>Koncertliste 2006:<\/strong><\/p>\n\n\n\n<p><strong>18\/11 Statens Museum for Kunst, Duo Saxifraga<\/strong><\/p>\n\n\n\n<p><strong>18\/11 K\u00f8benhavns Bymuseum, med Iben Vesterg\u00e5rd, Matin\u00e9 med sange og romancer af Emma Hartmann<\/strong><\/p>\n\n\n\n<p><strong>6\/11 Det Jyske Musikkonservatorium, Duo Saxifraga<\/strong><\/p>\n\n\n\n<p><strong>3\/9 Radiohuset, Foyerkoncert, Sjostakovich klaverkvintet<\/strong><\/p>\n\n\n\n<p><strong>21\/6 K\u00f8benhavns Bymuseum, kammermusikkoncert<\/strong><\/p>\n\n\n\n<p><strong>28\/4 Gr\u00e6stedg\u00e5rd, Duo Capriz<\/strong><\/p>\n\n\n\n<p><strong>23\/3 Absalons kirke, Sjostakovich festival, solo<\/strong><\/p>\n\n\n\n<p><strong>19\/3 Vester Aaby kirke, solo<\/strong><\/p>\n\n\n\n<p><strong>18\/3 Sct. Michaels skole, Oure, solo<\/strong><\/p>\n\n\n\n<p><strong>8\/3 K\u00f8benhavns Bymuseum, V\u00e6rker af kvindelige komponister<\/strong><\/p>\n\n\n\n<p><strong>15\/2 Odd Fellow Pal\u00e6et, Debutkoncert<\/strong><\/p>\n\n\n\n<p><strong>8\/2 Juhl S\u00f8rensen, Brofogedvej, solo<\/strong><\/p>\n\n\n\n<p><strong>25\/1 Vestervang kirke, Pr\u00e6debut<\/strong><\/p>\n","protected":false},"excerpt":{"rendered":"<p>Koncertliste 2026: 13\/12 Metronomen, Julekoncert 5\/12 kl. 10 Metronomen, N\u00f8ddekn\u00e6kkeren for b\u00f8rn 22\/11 kl. 10 Metronomen, N\u00f8ddekn\u00e6kkeren for b\u00f8rn 19\/6 kl. 17 Metronomen, Sommerkoncert 29\/5 kl. 17 Nivaagaard, Helsing\u00f8r Kammerkor 24\/5 kl. 14 Antroposofisk Kulturhus, Eurytmikoncert 3\/5 kl. 12.15 Tivoli, Akvariefoyeren 25\/4 kl. 10 Metronomen, Dyrenes Karneval for b\u00f8rn 11\/4 kl. 20 Charlottenlund, solo, privat [&hellip;]<\/p>\n","protected":false},"author":1,"featured_media":0,"parent":0,"menu_order":0,"comment_status":"closed","ping_status":"closed","template":"","meta":{"footnotes":""},"class_list":["post-51","page","type-page","status-publish","hentry"],"_links":{"self":[{"href":"https:\/\/cathrinependerup.dk\/index.php?rest_route=\/wp\/v2\/pages\/51","targetHints":{"allow":["GET"]}}],"collection":[{"href":"https:\/\/cathrinependerup.dk\/index.php?rest_route=\/wp\/v2\/pages"}],"about":[{"href":"https:\/\/cathrinependerup.dk\/index.php?rest_route=\/wp\/v2\/types\/page"}],"author":[{"embeddable":true,"href":"https:\/\/cathrinependerup.dk\/index.php?rest_route=\/wp\/v2\/users\/1"}],"replies":[{"embeddable":true,"href":"https:\/\/cathrinependerup.dk\/index.php?rest_route=%2Fwp%2Fv2%2Fcomments&post=51"}],"version-history":[{"count":4,"href":"https:\/\/cathrinependerup.dk\/index.php?rest_route=\/wp\/v2\/pages\/51\/revisions"}],"predecessor-version":[{"id":76,"href":"https:\/\/cathrinependerup.dk\/index.php?rest_route=\/wp\/v2\/pages\/51\/revisions\/76"}],"wp:attachment":[{"href":"https:\/\/cathrinependerup.dk\/index.php?rest_route=%2Fwp%2Fv2%2Fmedia&parent=51"}],"curies":[{"name":"wp","href":"https:\/\/api.w.org\/{rel}","templated":true}]}}