{"id":56,"date":"2024-11-12T11:57:15","date_gmt":"2024-11-12T11:57:15","guid":{"rendered":"https:\/\/cathrinependerup.dk\/?page_id=56"},"modified":"2024-11-12T11:57:15","modified_gmt":"2024-11-12T11:57:15","slug":"cd","status":"publish","type":"page","link":"https:\/\/cathrinependerup.dk\/?page_id=56","title":{"rendered":"CD"},"content":{"rendered":"\n\n\n<p><strong>Sarah Vibe-Petersens debutcd:<\/strong><\/p>\n\n\n\n<p><strong>Saxofon: Sarah Vibe-Petersen<\/strong><\/p>\n\n\n\n<p><strong>Piano: Cathrine Penderup<\/strong><\/p>\n\n\n\n<p><strong>V\u00e6rker af Schulhoff, Van Onna, Berio og Villa-Lobos<\/strong><\/p>\n\n\n\n\n\n<p><strong>Romantic Piano Works by Danish Women<\/strong><\/p>\n\n\n\n<p><strong>All are world premiere recordings<\/strong><\/p>\n\n\n\n<p><strong>Nanna Liebmann&nbsp;&#8211; Th\u00e8me Passionn\u00e9 et Variations &#8211;<\/strong><\/p>\n\n\n\n<p><strong>Benna Moe&nbsp;&#8211; Six Instructive Studies, Opus 6 &amp; 9 &#8211;<\/strong><\/p>\n\n\n\n<p><strong>Hilda Sehested&nbsp;&#8211; Sonata A flat major<\/strong><\/p>\n\n\n\n<p><strong>Cathrine Penderup (piano, Steinway model D)<\/strong><\/p>\n\n\n\n<p><strong>A debut recording on Danacord, of a truly talented young Danish pianist, performing rare romantic piano music, composed by three Danish women composers. Not to be missed!<\/strong><\/p>\n\n\n\n\n\n<p><strong>Emil Hartmann<\/strong><\/p>\n\n\n\n<p><strong>Nordic and German Songs<\/strong><\/p>\n\n\n\n<p><strong>First ever recordings of romantic songs by the Danish composer Emil Hartmann, son of the legendary composer J.P.E. Hartmann. All songs are with poems by Danish and Nordic composers and are performed by two of the most outstanding young Danish artists. It is not only for lovers of romantic songs, but also for all those who want to discover Danish music at its best. Comprehensive booklet with full text of all songs.<\/strong><\/p>\n\n\n\n<p><strong>Iben Vesterg\u00e5rd, soprano &amp; Cathrine Penderup, piano<\/strong><\/p>\n\n\n\n\n\n<p><strong>Leopold van der Pals, works for cello and piano<\/strong><\/p>\n\n\n\n<p><strong>The&nbsp;first official recording of Leopold van der Pals music. The CD was recorded in Bagsv\u00e6rd Church, made by the famous danish architect J\u00f8rn Utzon. The grand piano that Cathrine Penderup is playing on is in fact the last work of J\u00f8rn Utzon and the only grand piano in the world made in this design by Steingraeber &amp; S\u00f6hne in Bayreuth.<\/strong><\/p>\n\n\n\n\n\n\n\n\n\n\n\n\n\n\n\n<p><strong>Souvenirs &#8211; Piano Four Hands<\/strong><\/p>\n\n\n\n<p><strong>Satie &#8211; Brahms &#8211; Granados &#8211; Barber<\/strong><\/p>\n\n\n\n<p><strong>Tonya Lemoh and Cathrine Penderup, Pianos<\/strong><\/p>\n\n\n\n<p><strong>Our first four hand release featuring two of the most popular Danish pianists in brilliant works by four outstanding composers. Played with their usual zest and rhythmic drive this is a CD to cherish and a beautiful example of the possibilities of the piano as instrument.<\/strong><\/p>\n\n\n\n<p><strong>Cathrine Penderup<\/strong><\/p>\n\n\n\n<p><strong>Piano Works<\/strong><\/p>\n\n\n\n<p><strong>Emil Hartmann<\/strong><\/p>\n\n\n\n<p><strong>The first ever complete recording of the solo piano music by the late-romantic Danish composer Emil Hartmann masterly performed by Cathrine Penderup. Her first three CDs for Danacord got excellent reviews and this new 2-CD set is bound to be a must sought after release for all lovers of romantic piano music.<\/strong><strong><br><br><\/strong><\/p>\n","protected":false},"excerpt":{"rendered":"<p>Sarah Vibe-Petersens debutcd: Saxofon: Sarah Vibe-Petersen Piano: Cathrine Penderup V\u00e6rker af Schulhoff, Van Onna, Berio og Villa-Lobos Romantic Piano Works by Danish Women All are world premiere recordings Nanna Liebmann&nbsp;&#8211; Th\u00e8me Passionn\u00e9 et Variations &#8211; Benna Moe&nbsp;&#8211; Six Instructive Studies, Opus 6 &amp; 9 &#8211; Hilda Sehested&nbsp;&#8211; Sonata A flat major Cathrine Penderup (piano, Steinway [&hellip;]<\/p>\n","protected":false},"author":1,"featured_media":0,"parent":0,"menu_order":0,"comment_status":"closed","ping_status":"closed","template":"","meta":{"footnotes":""},"class_list":["post-56","page","type-page","status-publish","hentry"],"_links":{"self":[{"href":"https:\/\/cathrinependerup.dk\/index.php?rest_route=\/wp\/v2\/pages\/56","targetHints":{"allow":["GET"]}}],"collection":[{"href":"https:\/\/cathrinependerup.dk\/index.php?rest_route=\/wp\/v2\/pages"}],"about":[{"href":"https:\/\/cathrinependerup.dk\/index.php?rest_route=\/wp\/v2\/types\/page"}],"author":[{"embeddable":true,"href":"https:\/\/cathrinependerup.dk\/index.php?rest_route=\/wp\/v2\/users\/1"}],"replies":[{"embeddable":true,"href":"https:\/\/cathrinependerup.dk\/index.php?rest_route=%2Fwp%2Fv2%2Fcomments&post=56"}],"version-history":[{"count":1,"href":"https:\/\/cathrinependerup.dk\/index.php?rest_route=\/wp\/v2\/pages\/56\/revisions"}],"predecessor-version":[{"id":57,"href":"https:\/\/cathrinependerup.dk\/index.php?rest_route=\/wp\/v2\/pages\/56\/revisions\/57"}],"wp:attachment":[{"href":"https:\/\/cathrinependerup.dk\/index.php?rest_route=%2Fwp%2Fv2%2Fmedia&parent=56"}],"curies":[{"name":"wp","href":"https:\/\/api.w.org\/{rel}","templated":true}]}}